{"id":1799,"date":"2020-06-16T08:35:11","date_gmt":"2020-06-16T08:35:11","guid":{"rendered":"https:\/\/www.steinmetz-foundation.co.il\/?page_id=1799"},"modified":"2020-06-16T11:46:34","modified_gmt":"2020-06-16T11:46:34","slug":"dr-anat-bar-and-shelly-menachem","status":"publish","type":"page","link":"https:\/\/www.steinmetz-foundation.co.il\/fr\/a-propos\/dr-anat-bar-and-shelly-menachem\/","title":{"rendered":"Dr. Anat Bar and Shelly Menachem"},"content":{"rendered":"\t\t<div data-elementor-type=\"wp-page\" data-elementor-id=\"1799\" class=\"elementor elementor-1799\" data-elementor-post-type=\"page\">\n\t\t\t\t\t\t<section class=\"elementor-section elementor-top-section elementor-element elementor-element-6395af0 elementor-section-boxed elementor-section-height-default elementor-section-height-default\" data-id=\"6395af0\" data-element_type=\"section\" data-e-type=\"section\">\n\t\t\t\t\t\t<div class=\"elementor-container elementor-column-gap-default\">\n\t\t\t\t\t<div class=\"elementor-column elementor-col-100 elementor-top-column elementor-element elementor-element-6d238d8\" data-id=\"6d238d8\" data-element_type=\"column\" data-e-type=\"column\">\n\t\t\t<div class=\"elementor-widget-wrap elementor-element-populated\">\n\t\t\t\t\t\t<section class=\"elementor-section elementor-inner-section elementor-element elementor-element-5df762a elementor-section-boxed elementor-section-height-default elementor-section-height-default\" data-id=\"5df762a\" data-element_type=\"section\" data-e-type=\"section\">\n\t\t\t\t\t\t<div class=\"elementor-container elementor-column-gap-default\">\n\t\t\t\t\t<div class=\"elementor-column elementor-col-50 elementor-inner-column elementor-element elementor-element-da1959d\" data-id=\"da1959d\" data-element_type=\"column\" data-e-type=\"column\">\n\t\t\t<div class=\"elementor-widget-wrap elementor-element-populated\">\n\t\t\t\t\t\t<div class=\"elementor-element elementor-element-e47356c elementor-widget elementor-widget-heading\" data-id=\"e47356c\" data-element_type=\"widget\" data-e-type=\"widget\" data-widget_type=\"heading.default\">\n\t\t\t\t<div class=\"elementor-widget-container\">\n\t\t\t\t\t<h1 class=\"elementor-heading-title elementor-size-default\">Dr. Anat Bar<\/h1>\t\t\t\t<\/div>\n\t\t\t\t<\/div>\n\t\t\t\t<div class=\"elementor-element elementor-element-f1957d9 elementor-widget elementor-widget-heading\" data-id=\"f1957d9\" data-element_type=\"widget\" data-e-type=\"widget\" data-widget_type=\"heading.default\">\n\t\t\t\t<div class=\"elementor-widget-container\">\n\t\t\t\t\t<h1 class=\"elementor-heading-title elementor-size-default\">Conseill\u00e8re de la fondation dans le domaine de la petite enfance\n\n\n<\/h1>\t\t\t\t<\/div>\n\t\t\t\t<\/div>\n\t\t\t\t<div class=\"elementor-element elementor-element-0b8a683 elementor-widget-divider--view-line elementor-widget elementor-widget-divider\" data-id=\"0b8a683\" data-element_type=\"widget\" data-e-type=\"widget\" data-widget_type=\"divider.default\">\n\t\t\t\t<div class=\"elementor-widget-container\">\n\t\t\t\t\t\t\t<div class=\"elementor-divider\">\n\t\t\t<span class=\"elementor-divider-separator\">\n\t\t\t\t\t\t<\/span>\n\t\t<\/div>\n\t\t\t\t\t\t<\/div>\n\t\t\t\t<\/div>\n\t\t\t\t<div class=\"elementor-element elementor-element-f5eb6a1 elementor-widget elementor-widget-text-editor\" data-id=\"f5eb6a1\" data-element_type=\"widget\" data-e-type=\"widget\" data-widget_type=\"text-editor.default\">\n\t\t\t\t<div class=\"elementor-widget-container\">\n\t\t\t\t\t\t\t\t\t<p>\u00a0<\/p><p><span style=\"font-size: 1rem;\">Anat promeut le domaine de la petite enfance en Isra\u00ebl depuis plus de 30 ans et aide la fondation \u00e0 concevoir des moyens de travail dans ce domaine. La formation d\u2019Anat dans le domaine de l\u2019art, a fond\u00e9 il y a plus de 30 ans le centre Paot dans la ville de Tirat HaCarmel, et l\u2019a g\u00e9r\u00e9 depuis lors. Le centre Paot est un centre pour enfants de jeune \u00e2ge, mod\u00e8le de travail de la fondation pour la promotion de la petite enfance, tant dans la vision du monde que dans les programmes d\u2019intervention qu\u2019elle met en \u0153uvre.<\/span><\/p><p>Au cours des derni\u00e8res ann\u00e9es, Anat a termin\u00e9 son travail de doctorat de l\u2019Universit\u00e9 de Ha\u00effa dans le domaine de gestion dans l\u2019\u00e9ducation concernant l\u2019apprentissage organisationnel, elle a \u00e9t\u00e9 nomm\u00e9e comme directrice du d\u00e9partement du d\u00e9partement de la petite enfance de la ville de Tirat HaCarmel selon le mod\u00e8le que la fondation promeut.<\/p><p>\u00a0<\/p>\t\t\t\t\t\t\t\t<\/div>\n\t\t\t\t<\/div>\n\t\t\t\t<div class=\"elementor-element elementor-element-9b0650c elementor-widget elementor-widget-image\" data-id=\"9b0650c\" data-element_type=\"widget\" data-e-type=\"widget\" data-widget_type=\"image.default\">\n\t\t\t\t<div class=\"elementor-widget-container\">\n\t\t\t\t\t\t\t\t\t\t\t\t\t\t\t<img fetchpriority=\"high\" decoding=\"async\" width=\"287\" height=\"294\" src=\"https:\/\/www.steinmetz-foundation.co.il\/wp-content\/uploads\/anat-bar.png\" class=\"attachment-large size-large wp-image-1189\" alt=\"\u05d3&quot;\u05e8 \u05e2\u05e0\u05ea \u05d1\u05e8\" \/>\t\t\t\t\t\t\t\t\t\t\t\t\t\t\t<\/div>\n\t\t\t\t<\/div>\n\t\t\t\t\t<\/div>\n\t\t<\/div>\n\t\t\t\t<div class=\"elementor-column elementor-col-50 elementor-inner-column elementor-element elementor-element-a601499\" data-id=\"a601499\" data-element_type=\"column\" data-e-type=\"column\">\n\t\t\t<div class=\"elementor-widget-wrap elementor-element-populated\">\n\t\t\t\t\t\t<div class=\"elementor-element elementor-element-867ebb7 elementor-widget elementor-widget-heading\" data-id=\"867ebb7\" data-element_type=\"widget\" data-e-type=\"widget\" data-widget_type=\"heading.default\">\n\t\t\t\t<div class=\"elementor-widget-container\">\n\t\t\t\t\t<h1 class=\"elementor-heading-title elementor-size-default\">Shelly Menahem<\/h1>\t\t\t\t<\/div>\n\t\t\t\t<\/div>\n\t\t\t\t<div class=\"elementor-element elementor-element-8ab9f35 elementor-widget elementor-widget-heading\" data-id=\"8ab9f35\" data-element_type=\"widget\" data-e-type=\"widget\" data-widget_type=\"heading.default\">\n\t\t\t\t<div class=\"elementor-widget-container\">\n\t\t\t\t\t<h1 class=\"elementor-heading-title elementor-size-default\">Directrice de la fondation dans le domaine des jeunes en d\u00e9tresse\n\n<\/h1>\t\t\t\t<\/div>\n\t\t\t\t<\/div>\n\t\t\t\t<div class=\"elementor-element elementor-element-d3f1c5b elementor-widget-divider--view-line elementor-widget elementor-widget-divider\" data-id=\"d3f1c5b\" data-element_type=\"widget\" data-e-type=\"widget\" data-widget_type=\"divider.default\">\n\t\t\t\t<div class=\"elementor-widget-container\">\n\t\t\t\t\t\t\t<div class=\"elementor-divider\">\n\t\t\t<span class=\"elementor-divider-separator\">\n\t\t\t\t\t\t<\/span>\n\t\t<\/div>\n\t\t\t\t\t\t<\/div>\n\t\t\t\t<\/div>\n\t\t\t\t<div class=\"elementor-element elementor-element-6540e67 elementor-widget elementor-widget-text-editor\" data-id=\"6540e67\" data-element_type=\"widget\" data-e-type=\"widget\" data-widget_type=\"text-editor.default\">\n\t\t\t\t<div class=\"elementor-widget-container\">\n\t\t\t\t\t\t\t\t\t<p>\u00a0<\/p><p><span style=\"font-size: 1rem;\">Shelly, assistante sociale de formation, g\u00e8re le domaine des jeunes en d\u00e9tresse de la fondation. Dans le cadre de son travail, elle s\u2019est sp\u00e9cialis\u00e9e au fil des ans dans la relation avec des dizaines d\u2019associations agissant pour les jeunes en d\u00e9tresse par le biais d\u2019outils de traitement uniques (terrain et challenge, art, sport etc.). Shelly a mis en place pour ces associations, un forum qui se r\u00e9unit une fois par ans dans le but de conna\u00eetre, cr\u00e9er des collaborations et \u00e9changer des informations entre eux.<\/span><\/p><p>Agn\u00e8s est tr\u00e8s impliqu\u00e9e dans l\u2019activit\u00e9 de la fondation. La vision du monde selon laquelle elle il est pr\u00e9f\u00e9rable d\u2019investir dans les enfants et leur \u00e9ducation depuis de la petite enfance, influence grandement la strat\u00e9gie d\u2019action de la fondation et des diverses activit\u00e9s.<\/p>\t\t\t\t\t\t\t\t<\/div>\n\t\t\t\t<\/div>\n\t\t\t\t<div class=\"elementor-element elementor-element-8f67f27 elementor-widget elementor-widget-image\" data-id=\"8f67f27\" data-element_type=\"widget\" data-e-type=\"widget\" data-widget_type=\"image.default\">\n\t\t\t\t<div class=\"elementor-widget-container\">\n\t\t\t\t\t\t\t\t\t\t\t\t\t\t\t<img decoding=\"async\" width=\"287\" height=\"286\" src=\"https:\/\/www.steinmetz-foundation.co.il\/wp-content\/uploads\/shelly-menachem1.png\" class=\"attachment-large size-large wp-image-1193\" alt=\"\u05e9\u05dc\u05d9 \u05de\u05e0\u05d7\u05dd\" srcset=\"https:\/\/www.steinmetz-foundation.co.il\/wp-content\/uploads\/shelly-menachem1.png 287w, https:\/\/www.steinmetz-foundation.co.il\/wp-content\/uploads\/shelly-menachem1-150x150.png 150w\" sizes=\"(max-width: 287px) 100vw, 287px\" \/>\t\t\t\t\t\t\t\t\t\t\t\t\t\t\t<\/div>\n\t\t\t\t<\/div>\n\t\t\t\t\t<\/div>\n\t\t<\/div>\n\t\t\t\t\t<\/div>\n\t\t<\/section>\n\t\t\t\t\t<\/div>\n\t\t<\/div>\n\t\t\t\t\t<\/div>\n\t\t<\/section>\n\t\t\t\t<\/div>\n\t\t","protected":false},"excerpt":{"rendered":"<p>Dr. Anat Bar Conseill\u00e8re de la fondation dans le domaine de la petite enfance Anat promeut le domaine de la petite enfance en Isra\u00ebl depuis plus de 30 ans et aide la fondation \u00e0 concevoir des moyens de travail dans ce domaine. La formation d\u2019Anat dans le domaine de l\u2019art, a fond\u00e9 il y a [&hellip;]<\/p>\n","protected":false},"author":1,"featured_media":0,"parent":1643,"menu_order":0,"comment_status":"closed","ping_status":"closed","template":"","meta":{"footnotes":""},"class_list":["post-1799","page","type-page","status-publish","hentry"],"yoast_head":"<!-- This site is optimized with the Yoast SEO plugin v27.4 - https:\/\/yoast.com\/product\/yoast-seo-wordpress\/ -->\n<title>Dr. Anat Bar and Shelly Menachem - The Agnes &amp; Beny Steinmetz Foundation<\/title>\n<meta name=\"robots\" content=\"index, follow, max-snippet:-1, max-image-preview:large, max-video-preview:-1\" \/>\n<link rel=\"canonical\" href=\"https:\/\/www.steinmetz-foundation.co.il\/fr\/a-propos\/dr-anat-bar-and-shelly-menachem\/\" \/>\n<meta property=\"og:locale\" content=\"fr_FR\" \/>\n<meta property=\"og:type\" content=\"article\" \/>\n<meta property=\"og:title\" content=\"Dr. Anat Bar and Shelly Menachem - The Agnes &amp; Beny Steinmetz Foundation\" \/>\n<meta property=\"og:description\" content=\"Dr. Anat Bar Conseill\u00e8re de la fondation dans le domaine de la petite enfance Anat promeut le domaine de la petite enfance en Isra\u00ebl depuis plus de 30 ans et aide la fondation \u00e0 concevoir des moyens de travail dans ce domaine. La formation d\u2019Anat dans le domaine de l\u2019art, a fond\u00e9 il y a [&hellip;]\" \/>\n<meta property=\"og:url\" content=\"https:\/\/www.steinmetz-foundation.co.il\/fr\/a-propos\/dr-anat-bar-and-shelly-menachem\/\" \/>\n<meta property=\"og:site_name\" content=\"The Agnes &amp; Beny Steinmetz Foundation\" \/>\n<meta property=\"article:modified_time\" content=\"2020-06-16T11:46:34+00:00\" \/>\n<meta property=\"og:image\" content=\"https:\/\/www.steinmetz-foundation.co.il\/wp-content\/uploads\/anat-bar.png\" \/>\n<meta name=\"twitter:card\" content=\"summary_large_image\" \/>\n<meta name=\"twitter:label1\" content=\"Dur\u00e9e de lecture estim\u00e9e\" \/>\n\t<meta name=\"twitter:data1\" content=\"2 minutes\" \/>\n<script type=\"application\/ld+json\" class=\"yoast-schema-graph\">{\"@context\":\"https:\\\/\\\/schema.org\",\"@graph\":[{\"@type\":\"WebPage\",\"@id\":\"https:\\\/\\\/www.steinmetz-foundation.co.il\\\/fr\\\/a-propos\\\/dr-anat-bar-and-shelly-menachem\\\/\",\"url\":\"https:\\\/\\\/www.steinmetz-foundation.co.il\\\/fr\\\/a-propos\\\/dr-anat-bar-and-shelly-menachem\\\/\",\"name\":\"Dr. Anat Bar and Shelly Menachem - The Agnes &amp; Beny Steinmetz Foundation\",\"isPartOf\":{\"@id\":\"https:\\\/\\\/www.steinmetz-foundation.co.il\\\/#website\"},\"primaryImageOfPage\":{\"@id\":\"https:\\\/\\\/www.steinmetz-foundation.co.il\\\/fr\\\/a-propos\\\/dr-anat-bar-and-shelly-menachem\\\/#primaryimage\"},\"image\":{\"@id\":\"https:\\\/\\\/www.steinmetz-foundation.co.il\\\/fr\\\/a-propos\\\/dr-anat-bar-and-shelly-menachem\\\/#primaryimage\"},\"thumbnailUrl\":\"https:\\\/\\\/www.steinmetz-foundation.co.il\\\/wp-content\\\/uploads\\\/anat-bar.png\",\"datePublished\":\"2020-06-16T08:35:11+00:00\",\"dateModified\":\"2020-06-16T11:46:34+00:00\",\"breadcrumb\":{\"@id\":\"https:\\\/\\\/www.steinmetz-foundation.co.il\\\/fr\\\/a-propos\\\/dr-anat-bar-and-shelly-menachem\\\/#breadcrumb\"},\"inLanguage\":\"fr-FR\",\"potentialAction\":[{\"@type\":\"ReadAction\",\"target\":[\"https:\\\/\\\/www.steinmetz-foundation.co.il\\\/fr\\\/a-propos\\\/dr-anat-bar-and-shelly-menachem\\\/\"]}]},{\"@type\":\"ImageObject\",\"inLanguage\":\"fr-FR\",\"@id\":\"https:\\\/\\\/www.steinmetz-foundation.co.il\\\/fr\\\/a-propos\\\/dr-anat-bar-and-shelly-menachem\\\/#primaryimage\",\"url\":\"https:\\\/\\\/www.steinmetz-foundation.co.il\\\/wp-content\\\/uploads\\\/anat-bar.png\",\"contentUrl\":\"https:\\\/\\\/www.steinmetz-foundation.co.il\\\/wp-content\\\/uploads\\\/anat-bar.png\"},{\"@type\":\"BreadcrumbList\",\"@id\":\"https:\\\/\\\/www.steinmetz-foundation.co.il\\\/fr\\\/a-propos\\\/dr-anat-bar-and-shelly-menachem\\\/#breadcrumb\",\"itemListElement\":[{\"@type\":\"ListItem\",\"position\":1,\"name\":\"Home\",\"item\":\"https:\\\/\\\/www.steinmetz-foundation.co.il\\\/fr\\\/\"},{\"@type\":\"ListItem\",\"position\":2,\"name\":\"\u00c0 Propos\",\"item\":\"https:\\\/\\\/www.steinmetz-foundation.co.il\\\/fr\\\/a-propos\\\/\"},{\"@type\":\"ListItem\",\"position\":3,\"name\":\"Dr. Anat Bar and Shelly Menachem\"}]},{\"@type\":\"WebSite\",\"@id\":\"https:\\\/\\\/www.steinmetz-foundation.co.il\\\/#website\",\"url\":\"https:\\\/\\\/www.steinmetz-foundation.co.il\\\/\",\"name\":\"The Agnes &amp; Beny Steinmetz Foundation\",\"description\":\"\",\"publisher\":{\"@id\":\"https:\\\/\\\/www.steinmetz-foundation.co.il\\\/#organization\"},\"potentialAction\":[{\"@type\":\"SearchAction\",\"target\":{\"@type\":\"EntryPoint\",\"urlTemplate\":\"https:\\\/\\\/www.steinmetz-foundation.co.il\\\/?s={search_term_string}\"},\"query-input\":{\"@type\":\"PropertyValueSpecification\",\"valueRequired\":true,\"valueName\":\"search_term_string\"}}],\"inLanguage\":\"fr-FR\"},{\"@type\":\"Organization\",\"@id\":\"https:\\\/\\\/www.steinmetz-foundation.co.il\\\/#organization\",\"name\":\"The Agnes &amp; Beny Steinmetz Foundation\",\"url\":\"https:\\\/\\\/www.steinmetz-foundation.co.il\\\/\",\"logo\":{\"@type\":\"ImageObject\",\"inLanguage\":\"fr-FR\",\"@id\":\"https:\\\/\\\/www.steinmetz-foundation.co.il\\\/#\\\/schema\\\/logo\\\/image\\\/\",\"url\":\"https:\\\/\\\/www.steinmetz-foundation.co.il\\\/wp-content\\\/uploads\\\/foundation-logo.jpg\",\"contentUrl\":\"https:\\\/\\\/www.steinmetz-foundation.co.il\\\/wp-content\\\/uploads\\\/foundation-logo.jpg\",\"width\":120,\"height\":120,\"caption\":\"The Agnes &amp; Beny Steinmetz Foundation\"},\"image\":{\"@id\":\"https:\\\/\\\/www.steinmetz-foundation.co.il\\\/#\\\/schema\\\/logo\\\/image\\\/\"}}]}<\/script>\n<!-- \/ Yoast SEO plugin. -->","yoast_head_json":{"title":"Dr. Anat Bar and Shelly Menachem - The Agnes &amp; Beny Steinmetz Foundation","robots":{"index":"index","follow":"follow","max-snippet":"max-snippet:-1","max-image-preview":"max-image-preview:large","max-video-preview":"max-video-preview:-1"},"canonical":"https:\/\/www.steinmetz-foundation.co.il\/fr\/a-propos\/dr-anat-bar-and-shelly-menachem\/","og_locale":"fr_FR","og_type":"article","og_title":"Dr. Anat Bar and Shelly Menachem - The Agnes &amp; Beny Steinmetz Foundation","og_description":"Dr. Anat Bar Conseill\u00e8re de la fondation dans le domaine de la petite enfance Anat promeut le domaine de la petite enfance en Isra\u00ebl depuis plus de 30 ans et aide la fondation \u00e0 concevoir des moyens de travail dans ce domaine. La formation d\u2019Anat dans le domaine de l\u2019art, a fond\u00e9 il y a [&hellip;]","og_url":"https:\/\/www.steinmetz-foundation.co.il\/fr\/a-propos\/dr-anat-bar-and-shelly-menachem\/","og_site_name":"The Agnes &amp; Beny Steinmetz Foundation","article_modified_time":"2020-06-16T11:46:34+00:00","og_image":[{"url":"https:\/\/www.steinmetz-foundation.co.il\/wp-content\/uploads\/anat-bar.png","type":"","width":"","height":""}],"twitter_card":"summary_large_image","twitter_misc":{"Dur\u00e9e de lecture estim\u00e9e":"2 minutes"},"schema":{"@context":"https:\/\/schema.org","@graph":[{"@type":"WebPage","@id":"https:\/\/www.steinmetz-foundation.co.il\/fr\/a-propos\/dr-anat-bar-and-shelly-menachem\/","url":"https:\/\/www.steinmetz-foundation.co.il\/fr\/a-propos\/dr-anat-bar-and-shelly-menachem\/","name":"Dr. Anat Bar and Shelly Menachem - The Agnes &amp; Beny Steinmetz Foundation","isPartOf":{"@id":"https:\/\/www.steinmetz-foundation.co.il\/#website"},"primaryImageOfPage":{"@id":"https:\/\/www.steinmetz-foundation.co.il\/fr\/a-propos\/dr-anat-bar-and-shelly-menachem\/#primaryimage"},"image":{"@id":"https:\/\/www.steinmetz-foundation.co.il\/fr\/a-propos\/dr-anat-bar-and-shelly-menachem\/#primaryimage"},"thumbnailUrl":"https:\/\/www.steinmetz-foundation.co.il\/wp-content\/uploads\/anat-bar.png","datePublished":"2020-06-16T08:35:11+00:00","dateModified":"2020-06-16T11:46:34+00:00","breadcrumb":{"@id":"https:\/\/www.steinmetz-foundation.co.il\/fr\/a-propos\/dr-anat-bar-and-shelly-menachem\/#breadcrumb"},"inLanguage":"fr-FR","potentialAction":[{"@type":"ReadAction","target":["https:\/\/www.steinmetz-foundation.co.il\/fr\/a-propos\/dr-anat-bar-and-shelly-menachem\/"]}]},{"@type":"ImageObject","inLanguage":"fr-FR","@id":"https:\/\/www.steinmetz-foundation.co.il\/fr\/a-propos\/dr-anat-bar-and-shelly-menachem\/#primaryimage","url":"https:\/\/www.steinmetz-foundation.co.il\/wp-content\/uploads\/anat-bar.png","contentUrl":"https:\/\/www.steinmetz-foundation.co.il\/wp-content\/uploads\/anat-bar.png"},{"@type":"BreadcrumbList","@id":"https:\/\/www.steinmetz-foundation.co.il\/fr\/a-propos\/dr-anat-bar-and-shelly-menachem\/#breadcrumb","itemListElement":[{"@type":"ListItem","position":1,"name":"Home","item":"https:\/\/www.steinmetz-foundation.co.il\/fr\/"},{"@type":"ListItem","position":2,"name":"\u00c0 Propos","item":"https:\/\/www.steinmetz-foundation.co.il\/fr\/a-propos\/"},{"@type":"ListItem","position":3,"name":"Dr. Anat Bar and Shelly Menachem"}]},{"@type":"WebSite","@id":"https:\/\/www.steinmetz-foundation.co.il\/#website","url":"https:\/\/www.steinmetz-foundation.co.il\/","name":"The Agnes &amp; Beny Steinmetz Foundation","description":"","publisher":{"@id":"https:\/\/www.steinmetz-foundation.co.il\/#organization"},"potentialAction":[{"@type":"SearchAction","target":{"@type":"EntryPoint","urlTemplate":"https:\/\/www.steinmetz-foundation.co.il\/?s={search_term_string}"},"query-input":{"@type":"PropertyValueSpecification","valueRequired":true,"valueName":"search_term_string"}}],"inLanguage":"fr-FR"},{"@type":"Organization","@id":"https:\/\/www.steinmetz-foundation.co.il\/#organization","name":"The Agnes &amp; Beny Steinmetz Foundation","url":"https:\/\/www.steinmetz-foundation.co.il\/","logo":{"@type":"ImageObject","inLanguage":"fr-FR","@id":"https:\/\/www.steinmetz-foundation.co.il\/#\/schema\/logo\/image\/","url":"https:\/\/www.steinmetz-foundation.co.il\/wp-content\/uploads\/foundation-logo.jpg","contentUrl":"https:\/\/www.steinmetz-foundation.co.il\/wp-content\/uploads\/foundation-logo.jpg","width":120,"height":120,"caption":"The Agnes &amp; Beny Steinmetz Foundation"},"image":{"@id":"https:\/\/www.steinmetz-foundation.co.il\/#\/schema\/logo\/image\/"}}]}},"_links":{"self":[{"href":"https:\/\/www.steinmetz-foundation.co.il\/fr\/wp-json\/wp\/v2\/pages\/1799","targetHints":{"allow":["GET"]}}],"collection":[{"href":"https:\/\/www.steinmetz-foundation.co.il\/fr\/wp-json\/wp\/v2\/pages"}],"about":[{"href":"https:\/\/www.steinmetz-foundation.co.il\/fr\/wp-json\/wp\/v2\/types\/page"}],"author":[{"embeddable":true,"href":"https:\/\/www.steinmetz-foundation.co.il\/fr\/wp-json\/wp\/v2\/users\/1"}],"replies":[{"embeddable":true,"href":"https:\/\/www.steinmetz-foundation.co.il\/fr\/wp-json\/wp\/v2\/comments?post=1799"}],"version-history":[{"count":5,"href":"https:\/\/www.steinmetz-foundation.co.il\/fr\/wp-json\/wp\/v2\/pages\/1799\/revisions"}],"predecessor-version":[{"id":1965,"href":"https:\/\/www.steinmetz-foundation.co.il\/fr\/wp-json\/wp\/v2\/pages\/1799\/revisions\/1965"}],"up":[{"embeddable":true,"href":"https:\/\/www.steinmetz-foundation.co.il\/fr\/wp-json\/wp\/v2\/pages\/1643"}],"wp:attachment":[{"href":"https:\/\/www.steinmetz-foundation.co.il\/fr\/wp-json\/wp\/v2\/media?parent=1799"}],"curies":[{"name":"wp","href":"https:\/\/api.w.org\/{rel}","templated":true}]}}