{"id":4600,"date":"2022-08-01T16:45:50","date_gmt":"2022-08-01T16:45:50","guid":{"rendered":"https:\/\/www.steinmetz-foundation.co.il\/?page_id=4600"},"modified":"2022-08-01T16:48:12","modified_gmt":"2022-08-01T16:48:12","slug":"lemaanchem-maflee-laasot-consultation-medicale-et-orientation","status":"publish","type":"page","link":"https:\/\/www.steinmetz-foundation.co.il\/fr\/supporting-children\/lemaanchem-maflee-laasot-consultation-medicale-et-orientation\/","title":{"rendered":"Lema&rsquo;anchem \u2013 Maflee La&rsquo;asot | Consultation m\u00e9dicale et orientation"},"content":{"rendered":"\t\t<div data-elementor-type=\"wp-page\" data-elementor-id=\"4600\" class=\"elementor elementor-4600\" data-elementor-post-type=\"page\">\n\t\t\t\t\t\t<section class=\"elementor-section elementor-top-section elementor-element elementor-element-b7c95a0 elementor-section-boxed elementor-section-height-default elementor-section-height-default\" data-id=\"b7c95a0\" data-element_type=\"section\" data-e-type=\"section\">\n\t\t\t\t\t\t<div class=\"elementor-container elementor-column-gap-default\">\n\t\t\t\t\t<div class=\"elementor-column elementor-col-100 elementor-top-column elementor-element elementor-element-a8a806a\" data-id=\"a8a806a\" data-element_type=\"column\" data-e-type=\"column\">\n\t\t\t<div class=\"elementor-widget-wrap elementor-element-populated\">\n\t\t\t\t\t\t<div class=\"elementor-element elementor-element-b156538 elementor-widget elementor-widget-heading\" data-id=\"b156538\" data-element_type=\"widget\" data-e-type=\"widget\" data-widget_type=\"heading.default\">\n\t\t\t\t<div class=\"elementor-widget-container\">\n\t\t\t\t\t<h1 class=\"elementor-heading-title elementor-size-default\">Lema'anchem \u2013 Maflee La'asot | Consultation m\u00e9dicale et orientation<\/h1>\t\t\t\t<\/div>\n\t\t\t\t<\/div>\n\t\t\t\t<div class=\"elementor-element elementor-element-f9a1047 elementor-widget-divider--view-line elementor-widget elementor-widget-divider\" data-id=\"f9a1047\" data-element_type=\"widget\" data-e-type=\"widget\" data-widget_type=\"divider.default\">\n\t\t\t\t<div class=\"elementor-widget-container\">\n\t\t\t\t\t\t\t<div class=\"elementor-divider\">\n\t\t\t<span class=\"elementor-divider-separator\">\n\t\t\t\t\t\t<\/span>\n\t\t<\/div>\n\t\t\t\t\t\t<\/div>\n\t\t\t\t<\/div>\n\t\t\t\t\t<\/div>\n\t\t<\/div>\n\t\t\t\t\t<\/div>\n\t\t<\/section>\n\t\t\t\t<section class=\"elementor-section elementor-top-section elementor-element elementor-element-25604b6 elementor-section-boxed elementor-section-height-default elementor-section-height-default elementor-invisible\" data-id=\"25604b6\" data-element_type=\"section\" data-e-type=\"section\" data-settings=\"{&quot;animation&quot;:&quot;fadeIn&quot;}\">\n\t\t\t\t\t\t<div class=\"elementor-container elementor-column-gap-default\">\n\t\t\t\t\t<div class=\"elementor-column elementor-col-100 elementor-top-column elementor-element elementor-element-067369d elementor-invisible\" data-id=\"067369d\" data-element_type=\"column\" data-e-type=\"column\" data-settings=\"{&quot;animation&quot;:&quot;fadeInUp&quot;}\">\n\t\t\t<div class=\"elementor-widget-wrap elementor-element-populated\">\n\t\t\t\t\t\t<div class=\"elementor-element elementor-element-a5f4a2c elementor-widget elementor-widget-text-editor\" data-id=\"a5f4a2c\" data-element_type=\"widget\" data-e-type=\"widget\" data-widget_type=\"text-editor.default\">\n\t\t\t\t<div class=\"elementor-widget-container\">\n\t\t\t\t\t\t\t\t\t<p><strong>Lema&rsquo;anchem \u2013 Maflee La&rsquo;asot, dont Beny Steinmetz est l&rsquo;un des fondateurs, a \u00e9t\u00e9 fond\u00e9e pour combler un r\u00e9el besoin dans la communaut\u00e9 de recevoir un deuxi\u00e8me avis m\u00e9dical<\/strong>. Cette o<strong>rganisation \u00e0 but non lucratif<\/strong> agit pour des milliers de patients en Isra\u00ebl qui ont besoin de conseils, d&rsquo;un deuxi\u00e8me avis et d&rsquo;un accompagnement tout au long de leur parcours pour obtenir un traitement m\u00e9dical appropri\u00e9, mais qui ne peuvent pas se permettre les co\u00fbts d&rsquo;un conseil co\u00fbteux et imm\u00e9diat.<strong> C&rsquo;est une organisation qui croit en la charit\u00e9, la gentillesse et la sant\u00e9<\/strong>, rendant le parcours complexe des patients plus simple et plus convivial.<\/p><p>Le but de Lema&rsquo;anchem est de mettre le patient en contact avec le meilleur m\u00e9decin. <strong>Toute personne en Isra\u00ebl et dans le monde, quelle que soit sa religion, sa race ou sa nationalit\u00e9, peut appeler l\u2019organisation gratuitement, 24h\/24 et 7j\/7<\/strong>. N&rsquo;importe qui peut appeler et recevoir une r\u00e9ponse professionnelle en quelques heures de la part des plus grands sp\u00e9cialistes de l&rsquo;\u00c9tat d&rsquo;Isra\u00ebl. L&rsquo;organisation dispose d&rsquo;une \u00abarm\u00e9e\u00bb de plus de <strong>70 \u00abm\u00e9decins de r\u00e9serve\u00bb<\/strong>, c&rsquo;est ainsi qu&rsquo;ils s&rsquo;appellent. Certains d&rsquo;entre eux sont les principaux experts en Isra\u00ebl dans leur domaine. Ils se sont port\u00e9s volontaires pour aider l&rsquo;organisation et r\u00e9pondre \u00e0 des questions lorsque les patients se retrouvent entre les mailles du filet ou lorsque les choses ne leur sont pas bien expliqu\u00e9es.<\/p>\t\t\t\t\t\t\t\t<\/div>\n\t\t\t\t<\/div>\n\t\t\t\t\t<\/div>\n\t\t<\/div>\n\t\t\t\t\t<\/div>\n\t\t<\/section>\n\t\t\t\t<section class=\"elementor-section elementor-top-section elementor-element elementor-element-fc73990 elementor-section-boxed elementor-section-height-default elementor-section-height-default elementor-invisible\" data-id=\"fc73990\" data-element_type=\"section\" data-e-type=\"section\" data-settings=\"{&quot;animation&quot;:&quot;fadeIn&quot;}\">\n\t\t\t\t\t\t<div class=\"elementor-container elementor-column-gap-default\">\n\t\t\t\t\t<div class=\"elementor-column elementor-col-100 elementor-top-column elementor-element elementor-element-b20f740 elementor-invisible\" data-id=\"b20f740\" data-element_type=\"column\" data-e-type=\"column\" data-settings=\"{&quot;animation&quot;:&quot;fadeInUp&quot;}\">\n\t\t\t<div class=\"elementor-widget-wrap elementor-element-populated\">\n\t\t\t\t\t\t<div class=\"elementor-element elementor-element-474c637 elementor-widget elementor-widget-video\" data-id=\"474c637\" data-element_type=\"widget\" data-e-type=\"widget\" data-settings=\"{&quot;youtube_url&quot;:&quot;https:\\\/\\\/www.youtube.com\\\/watch?v=3WLFlMRvajw&quot;,&quot;video_type&quot;:&quot;youtube&quot;,&quot;controls&quot;:&quot;yes&quot;}\" data-widget_type=\"video.default\">\n\t\t\t\t<div class=\"elementor-widget-container\">\n\t\t\t\t\t\t\t<div class=\"elementor-wrapper elementor-open-inline\">\n\t\t\t<div class=\"elementor-video\"><\/div>\t\t<\/div>\n\t\t\t\t\t\t<\/div>\n\t\t\t\t<\/div>\n\t\t\t\t\t<\/div>\n\t\t<\/div>\n\t\t\t\t\t<\/div>\n\t\t<\/section>\n\t\t\t\t<\/div>\n\t\t","protected":false},"excerpt":{"rendered":"<p>Lema&rsquo;anchem \u2013 Maflee La&rsquo;asot | Consultation m\u00e9dicale et orientation Lema&rsquo;anchem \u2013 Maflee La&rsquo;asot, dont Beny Steinmetz est l&rsquo;un des fondateurs, a \u00e9t\u00e9 fond\u00e9e pour combler un r\u00e9el besoin dans la communaut\u00e9 de recevoir un deuxi\u00e8me avis m\u00e9dical. Cette organisation \u00e0 but non lucratif agit pour des milliers de patients en Isra\u00ebl qui ont besoin de [&hellip;]<\/p>\n","protected":false},"author":8,"featured_media":0,"parent":4582,"menu_order":0,"comment_status":"closed","ping_status":"closed","template":"","meta":{"footnotes":""},"class_list":["post-4600","page","type-page","status-publish","hentry"],"yoast_head":"<!-- This site is optimized with the Yoast SEO plugin v27.4 - https:\/\/yoast.com\/product\/yoast-seo-wordpress\/ -->\n<title>Lema&#039;anchem \u2013 Maflee La&#039;asot | Consultation m\u00e9dicale et orientation - The Agnes &amp; Beny Steinmetz Foundation<\/title>\n<meta name=\"robots\" content=\"index, follow, max-snippet:-1, max-image-preview:large, max-video-preview:-1\" \/>\n<link rel=\"canonical\" href=\"https:\/\/www.steinmetz-foundation.co.il\/en\/supporting-children\/lemaanchem-maflee-laasot-medical-consultation-and-guidance\/\" \/>\n<meta property=\"og:locale\" content=\"fr_FR\" \/>\n<meta property=\"og:type\" content=\"article\" \/>\n<meta property=\"og:title\" content=\"Lema&#039;anchem \u2013 Maflee La&#039;asot | Consultation m\u00e9dicale et orientation - The Agnes &amp; Beny Steinmetz Foundation\" \/>\n<meta property=\"og:description\" content=\"Lema&rsquo;anchem \u2013 Maflee La&rsquo;asot | Consultation m\u00e9dicale et orientation Lema&rsquo;anchem \u2013 Maflee La&rsquo;asot, dont Beny Steinmetz est l&rsquo;un des fondateurs, a \u00e9t\u00e9 fond\u00e9e pour combler un r\u00e9el besoin dans la communaut\u00e9 de recevoir un deuxi\u00e8me avis m\u00e9dical. Cette organisation \u00e0 but non lucratif agit pour des milliers de patients en Isra\u00ebl qui ont besoin de [&hellip;]\" \/>\n<meta property=\"og:url\" content=\"https:\/\/www.steinmetz-foundation.co.il\/en\/supporting-children\/lemaanchem-maflee-laasot-medical-consultation-and-guidance\/\" \/>\n<meta property=\"og:site_name\" content=\"The Agnes &amp; Beny Steinmetz Foundation\" \/>\n<meta property=\"article:modified_time\" content=\"2022-08-01T16:48:12+00:00\" \/>\n<meta name=\"twitter:card\" content=\"summary_large_image\" \/>\n<meta name=\"twitter:label1\" content=\"Dur\u00e9e de lecture estim\u00e9e\" \/>\n\t<meta name=\"twitter:data1\" content=\"2 minutes\" \/>\n<script type=\"application\/ld+json\" class=\"yoast-schema-graph\">{\"@context\":\"https:\\\/\\\/schema.org\",\"@graph\":[{\"@type\":\"WebPage\",\"@id\":\"https:\\\/\\\/www.steinmetz-foundation.co.il\\\/en\\\/supporting-children\\\/lemaanchem-maflee-laasot-medical-consultation-and-guidance\\\/\",\"url\":\"https:\\\/\\\/www.steinmetz-foundation.co.il\\\/en\\\/supporting-children\\\/lemaanchem-maflee-laasot-medical-consultation-and-guidance\\\/\",\"name\":\"Lema'anchem \u2013 Maflee La'asot | Consultation m\u00e9dicale et orientation - The Agnes &amp; Beny Steinmetz Foundation\",\"isPartOf\":{\"@id\":\"https:\\\/\\\/www.steinmetz-foundation.co.il\\\/#website\"},\"datePublished\":\"2022-08-01T16:45:50+00:00\",\"dateModified\":\"2022-08-01T16:48:12+00:00\",\"breadcrumb\":{\"@id\":\"https:\\\/\\\/www.steinmetz-foundation.co.il\\\/en\\\/supporting-children\\\/lemaanchem-maflee-laasot-medical-consultation-and-guidance\\\/#breadcrumb\"},\"inLanguage\":\"fr-FR\",\"potentialAction\":[{\"@type\":\"ReadAction\",\"target\":[\"https:\\\/\\\/www.steinmetz-foundation.co.il\\\/en\\\/supporting-children\\\/lemaanchem-maflee-laasot-medical-consultation-and-guidance\\\/\"]}]},{\"@type\":\"BreadcrumbList\",\"@id\":\"https:\\\/\\\/www.steinmetz-foundation.co.il\\\/en\\\/supporting-children\\\/lemaanchem-maflee-laasot-medical-consultation-and-guidance\\\/#breadcrumb\",\"itemListElement\":[{\"@type\":\"ListItem\",\"position\":1,\"name\":\"Home\",\"item\":\"https:\\\/\\\/www.steinmetz-foundation.co.il\\\/fr\\\/\"},{\"@type\":\"ListItem\",\"position\":2,\"name\":\"Soutenir les enfants\",\"item\":\"https:\\\/\\\/www.steinmetz-foundation.co.il\\\/en\\\/supporting-children\\\/\"},{\"@type\":\"ListItem\",\"position\":3,\"name\":\"Lema&#8217;anchem \u2013 Maflee La&#8217;asot | Consultation m\u00e9dicale et orientation\"}]},{\"@type\":\"WebSite\",\"@id\":\"https:\\\/\\\/www.steinmetz-foundation.co.il\\\/#website\",\"url\":\"https:\\\/\\\/www.steinmetz-foundation.co.il\\\/\",\"name\":\"The Agnes &amp; Beny Steinmetz Foundation\",\"description\":\"\",\"publisher\":{\"@id\":\"https:\\\/\\\/www.steinmetz-foundation.co.il\\\/#organization\"},\"potentialAction\":[{\"@type\":\"SearchAction\",\"target\":{\"@type\":\"EntryPoint\",\"urlTemplate\":\"https:\\\/\\\/www.steinmetz-foundation.co.il\\\/?s={search_term_string}\"},\"query-input\":{\"@type\":\"PropertyValueSpecification\",\"valueRequired\":true,\"valueName\":\"search_term_string\"}}],\"inLanguage\":\"fr-FR\"},{\"@type\":\"Organization\",\"@id\":\"https:\\\/\\\/www.steinmetz-foundation.co.il\\\/#organization\",\"name\":\"The Agnes &amp; Beny Steinmetz Foundation\",\"url\":\"https:\\\/\\\/www.steinmetz-foundation.co.il\\\/\",\"logo\":{\"@type\":\"ImageObject\",\"inLanguage\":\"fr-FR\",\"@id\":\"https:\\\/\\\/www.steinmetz-foundation.co.il\\\/#\\\/schema\\\/logo\\\/image\\\/\",\"url\":\"https:\\\/\\\/www.steinmetz-foundation.co.il\\\/wp-content\\\/uploads\\\/foundation-logo.jpg\",\"contentUrl\":\"https:\\\/\\\/www.steinmetz-foundation.co.il\\\/wp-content\\\/uploads\\\/foundation-logo.jpg\",\"width\":120,\"height\":120,\"caption\":\"The Agnes &amp; Beny Steinmetz Foundation\"},\"image\":{\"@id\":\"https:\\\/\\\/www.steinmetz-foundation.co.il\\\/#\\\/schema\\\/logo\\\/image\\\/\"}}]}<\/script>\n<!-- \/ Yoast SEO plugin. -->","yoast_head_json":{"title":"Lema'anchem \u2013 Maflee La'asot | Consultation m\u00e9dicale et orientation - The Agnes &amp; Beny Steinmetz Foundation","robots":{"index":"index","follow":"follow","max-snippet":"max-snippet:-1","max-image-preview":"max-image-preview:large","max-video-preview":"max-video-preview:-1"},"canonical":"https:\/\/www.steinmetz-foundation.co.il\/en\/supporting-children\/lemaanchem-maflee-laasot-medical-consultation-and-guidance\/","og_locale":"fr_FR","og_type":"article","og_title":"Lema'anchem \u2013 Maflee La'asot | Consultation m\u00e9dicale et orientation - The Agnes &amp; Beny Steinmetz Foundation","og_description":"Lema&rsquo;anchem \u2013 Maflee La&rsquo;asot | Consultation m\u00e9dicale et orientation Lema&rsquo;anchem \u2013 Maflee La&rsquo;asot, dont Beny Steinmetz est l&rsquo;un des fondateurs, a \u00e9t\u00e9 fond\u00e9e pour combler un r\u00e9el besoin dans la communaut\u00e9 de recevoir un deuxi\u00e8me avis m\u00e9dical. Cette organisation \u00e0 but non lucratif agit pour des milliers de patients en Isra\u00ebl qui ont besoin de [&hellip;]","og_url":"https:\/\/www.steinmetz-foundation.co.il\/en\/supporting-children\/lemaanchem-maflee-laasot-medical-consultation-and-guidance\/","og_site_name":"The Agnes &amp; Beny Steinmetz Foundation","article_modified_time":"2022-08-01T16:48:12+00:00","twitter_card":"summary_large_image","twitter_misc":{"Dur\u00e9e de lecture estim\u00e9e":"2 minutes"},"schema":{"@context":"https:\/\/schema.org","@graph":[{"@type":"WebPage","@id":"https:\/\/www.steinmetz-foundation.co.il\/en\/supporting-children\/lemaanchem-maflee-laasot-medical-consultation-and-guidance\/","url":"https:\/\/www.steinmetz-foundation.co.il\/en\/supporting-children\/lemaanchem-maflee-laasot-medical-consultation-and-guidance\/","name":"Lema'anchem \u2013 Maflee La'asot | Consultation m\u00e9dicale et orientation - The Agnes &amp; Beny Steinmetz Foundation","isPartOf":{"@id":"https:\/\/www.steinmetz-foundation.co.il\/#website"},"datePublished":"2022-08-01T16:45:50+00:00","dateModified":"2022-08-01T16:48:12+00:00","breadcrumb":{"@id":"https:\/\/www.steinmetz-foundation.co.il\/en\/supporting-children\/lemaanchem-maflee-laasot-medical-consultation-and-guidance\/#breadcrumb"},"inLanguage":"fr-FR","potentialAction":[{"@type":"ReadAction","target":["https:\/\/www.steinmetz-foundation.co.il\/en\/supporting-children\/lemaanchem-maflee-laasot-medical-consultation-and-guidance\/"]}]},{"@type":"BreadcrumbList","@id":"https:\/\/www.steinmetz-foundation.co.il\/en\/supporting-children\/lemaanchem-maflee-laasot-medical-consultation-and-guidance\/#breadcrumb","itemListElement":[{"@type":"ListItem","position":1,"name":"Home","item":"https:\/\/www.steinmetz-foundation.co.il\/fr\/"},{"@type":"ListItem","position":2,"name":"Soutenir les enfants","item":"https:\/\/www.steinmetz-foundation.co.il\/en\/supporting-children\/"},{"@type":"ListItem","position":3,"name":"Lema&#8217;anchem \u2013 Maflee La&#8217;asot | Consultation m\u00e9dicale et orientation"}]},{"@type":"WebSite","@id":"https:\/\/www.steinmetz-foundation.co.il\/#website","url":"https:\/\/www.steinmetz-foundation.co.il\/","name":"The Agnes &amp; Beny Steinmetz Foundation","description":"","publisher":{"@id":"https:\/\/www.steinmetz-foundation.co.il\/#organization"},"potentialAction":[{"@type":"SearchAction","target":{"@type":"EntryPoint","urlTemplate":"https:\/\/www.steinmetz-foundation.co.il\/?s={search_term_string}"},"query-input":{"@type":"PropertyValueSpecification","valueRequired":true,"valueName":"search_term_string"}}],"inLanguage":"fr-FR"},{"@type":"Organization","@id":"https:\/\/www.steinmetz-foundation.co.il\/#organization","name":"The Agnes &amp; Beny Steinmetz Foundation","url":"https:\/\/www.steinmetz-foundation.co.il\/","logo":{"@type":"ImageObject","inLanguage":"fr-FR","@id":"https:\/\/www.steinmetz-foundation.co.il\/#\/schema\/logo\/image\/","url":"https:\/\/www.steinmetz-foundation.co.il\/wp-content\/uploads\/foundation-logo.jpg","contentUrl":"https:\/\/www.steinmetz-foundation.co.il\/wp-content\/uploads\/foundation-logo.jpg","width":120,"height":120,"caption":"The Agnes &amp; Beny Steinmetz Foundation"},"image":{"@id":"https:\/\/www.steinmetz-foundation.co.il\/#\/schema\/logo\/image\/"}}]}},"_links":{"self":[{"href":"https:\/\/www.steinmetz-foundation.co.il\/fr\/wp-json\/wp\/v2\/pages\/4600","targetHints":{"allow":["GET"]}}],"collection":[{"href":"https:\/\/www.steinmetz-foundation.co.il\/fr\/wp-json\/wp\/v2\/pages"}],"about":[{"href":"https:\/\/www.steinmetz-foundation.co.il\/fr\/wp-json\/wp\/v2\/types\/page"}],"author":[{"embeddable":true,"href":"https:\/\/www.steinmetz-foundation.co.il\/fr\/wp-json\/wp\/v2\/users\/8"}],"replies":[{"embeddable":true,"href":"https:\/\/www.steinmetz-foundation.co.il\/fr\/wp-json\/wp\/v2\/comments?post=4600"}],"version-history":[{"count":7,"href":"https:\/\/www.steinmetz-foundation.co.il\/fr\/wp-json\/wp\/v2\/pages\/4600\/revisions"}],"predecessor-version":[{"id":4607,"href":"https:\/\/www.steinmetz-foundation.co.il\/fr\/wp-json\/wp\/v2\/pages\/4600\/revisions\/4607"}],"up":[{"embeddable":true,"href":"https:\/\/www.steinmetz-foundation.co.il\/fr\/wp-json\/wp\/v2\/pages\/4582"}],"wp:attachment":[{"href":"https:\/\/www.steinmetz-foundation.co.il\/fr\/wp-json\/wp\/v2\/media?parent=4600"}],"curies":[{"name":"wp","href":"https:\/\/api.w.org\/{rel}","templated":true}]}}