{"id":4608,"date":"2022-08-01T16:49:00","date_gmt":"2022-08-01T16:49:00","guid":{"rendered":"https:\/\/www.steinmetz-foundation.co.il\/?page_id=4608"},"modified":"2022-08-01T21:54:17","modified_gmt":"2022-08-01T21:54:17","slug":"meshi-lemaanchem-ecole-deducation-et-readaptation","status":"publish","type":"page","link":"https:\/\/www.steinmetz-foundation.co.il\/fr\/supporting-children\/meshi-lemaanchem-ecole-deducation-et-readaptation\/","title":{"rendered":"Meshi- Lema&rsquo;anchem | \u00c9cole d\u2019\u00e9ducation et r\u00e9adaptation"},"content":{"rendered":"\t\t<div data-elementor-type=\"wp-page\" data-elementor-id=\"4608\" class=\"elementor elementor-4608\" data-elementor-post-type=\"page\">\n\t\t\t\t\t\t<section class=\"elementor-section elementor-top-section elementor-element elementor-element-b7c95a0 elementor-section-boxed elementor-section-height-default elementor-section-height-default\" data-id=\"b7c95a0\" data-element_type=\"section\" data-e-type=\"section\">\n\t\t\t\t\t\t<div class=\"elementor-container elementor-column-gap-default\">\n\t\t\t\t\t<div class=\"elementor-column elementor-col-100 elementor-top-column elementor-element elementor-element-a8a806a\" data-id=\"a8a806a\" data-element_type=\"column\" data-e-type=\"column\">\n\t\t\t<div class=\"elementor-widget-wrap elementor-element-populated\">\n\t\t\t\t\t\t<div class=\"elementor-element elementor-element-b156538 elementor-widget elementor-widget-heading\" data-id=\"b156538\" data-element_type=\"widget\" data-e-type=\"widget\" data-widget_type=\"heading.default\">\n\t\t\t\t<div class=\"elementor-widget-container\">\n\t\t\t\t\t<h1 class=\"elementor-heading-title elementor-size-default\">Meshi- Lema'anchem | \u00c9cole d\u2019\u00e9ducation et r\u00e9adaptation<\/h1>\t\t\t\t<\/div>\n\t\t\t\t<\/div>\n\t\t\t\t<div class=\"elementor-element elementor-element-f9a1047 elementor-widget-divider--view-line elementor-widget elementor-widget-divider\" data-id=\"f9a1047\" data-element_type=\"widget\" data-e-type=\"widget\" data-widget_type=\"divider.default\">\n\t\t\t\t<div class=\"elementor-widget-container\">\n\t\t\t\t\t\t\t<div class=\"elementor-divider\">\n\t\t\t<span class=\"elementor-divider-separator\">\n\t\t\t\t\t\t<\/span>\n\t\t<\/div>\n\t\t\t\t\t\t<\/div>\n\t\t\t\t<\/div>\n\t\t\t\t\t<\/div>\n\t\t<\/div>\n\t\t\t\t\t<\/div>\n\t\t<\/section>\n\t\t\t\t<section class=\"elementor-section elementor-top-section elementor-element elementor-element-25604b6 elementor-section-boxed elementor-section-height-default elementor-section-height-default elementor-invisible\" data-id=\"25604b6\" data-element_type=\"section\" data-e-type=\"section\" data-settings=\"{&quot;animation&quot;:&quot;fadeIn&quot;}\">\n\t\t\t\t\t\t<div class=\"elementor-container elementor-column-gap-default\">\n\t\t\t\t\t<div class=\"elementor-column elementor-col-100 elementor-top-column elementor-element elementor-element-067369d elementor-invisible\" data-id=\"067369d\" data-element_type=\"column\" data-e-type=\"column\" data-settings=\"{&quot;animation&quot;:&quot;fadeInUp&quot;}\">\n\t\t\t<div class=\"elementor-widget-wrap elementor-element-populated\">\n\t\t\t\t\t\t<div class=\"elementor-element elementor-element-a5f4a2c elementor-widget elementor-widget-text-editor\" data-id=\"a5f4a2c\" data-element_type=\"widget\" data-e-type=\"widget\" data-widget_type=\"text-editor.default\">\n\t\t\t\t<div class=\"elementor-widget-container\">\n\t\t\t\t\t\t\t\t\t<strong>L&rsquo; \u00e9cole \u00ab\u00a0Meshi- Lema&rsquo;anchem \u00a0\u00bb est une institution d&rsquo;\u00e9ducation et de r\u00e9adaptation \u00e0 but non lucratif<\/strong>, sous les auspices de Lema&rsquo;anchem &#8211; Maflee La&rsquo;asot, dont Beny Steinmetz est l&rsquo;un des fondateurs, et les soci\u00e9t\u00e9s Meshi. L&rsquo;\u00e9cole \u00abMeshi- Lema&rsquo;anchem\u00bb est destin\u00e9e \u00e0 r\u00e9pondre aux besoins des enfants en situation de handicap physique par le biais de cr\u00e8ches de r\u00e9adaptation pour les tout-petits \u00e2g\u00e9s de 6 mois \u00e0 3 ans. Ces enfants re\u00e7oivent tous les traitements dont ils ont besoin dans le cadre de l&rsquo;\u00e9tude, et ils se retrouvent dans un environnement chaleureux et favorable qui r\u00e9pond \u00e0 tous leurs besoins.\t\t\t\t\t\t\t\t<\/div>\n\t\t\t\t<\/div>\n\t\t\t\t\t<\/div>\n\t\t<\/div>\n\t\t\t\t\t<\/div>\n\t\t<\/section>\n\t\t\t\t<section class=\"elementor-section elementor-top-section elementor-element elementor-element-9e87764 elementor-section-boxed elementor-section-height-default elementor-section-height-default\" data-id=\"9e87764\" data-element_type=\"section\" data-e-type=\"section\">\n\t\t\t\t\t\t<div class=\"elementor-container elementor-column-gap-default\">\n\t\t\t\t\t<div class=\"elementor-column elementor-col-100 elementor-top-column elementor-element elementor-element-2b876a2\" data-id=\"2b876a2\" data-element_type=\"column\" data-e-type=\"column\">\n\t\t\t<div class=\"elementor-widget-wrap elementor-element-populated\">\n\t\t\t\t\t\t<div class=\"elementor-element elementor-element-642fb44 elementor-widget elementor-widget-video\" data-id=\"642fb44\" data-element_type=\"widget\" data-e-type=\"widget\" data-settings=\"{&quot;youtube_url&quot;:&quot;https:\\\/\\\/www.youtube.com\\\/watch?v=DB_pV_2P4HY&quot;,&quot;video_type&quot;:&quot;youtube&quot;,&quot;controls&quot;:&quot;yes&quot;}\" data-widget_type=\"video.default\">\n\t\t\t\t<div class=\"elementor-widget-container\">\n\t\t\t\t\t\t\t<div class=\"elementor-wrapper elementor-open-inline\">\n\t\t\t<div class=\"elementor-video\"><\/div>\t\t<\/div>\n\t\t\t\t\t\t<\/div>\n\t\t\t\t<\/div>\n\t\t\t\t\t<\/div>\n\t\t<\/div>\n\t\t\t\t\t<\/div>\n\t\t<\/section>\n\t\t\t\t<\/div>\n\t\t","protected":false},"excerpt":{"rendered":"<p>Meshi- Lema&rsquo;anchem | \u00c9cole d\u2019\u00e9ducation et r\u00e9adaptation L&rsquo; \u00e9cole \u00ab\u00a0Meshi- Lema&rsquo;anchem \u00a0\u00bb est une institution d&rsquo;\u00e9ducation et de r\u00e9adaptation \u00e0 but non lucratif, sous les auspices de Lema&rsquo;anchem &#8211; Maflee La&rsquo;asot, dont Beny Steinmetz est l&rsquo;un des fondateurs, et les soci\u00e9t\u00e9s Meshi. L&rsquo;\u00e9cole \u00abMeshi- Lema&rsquo;anchem\u00bb est destin\u00e9e \u00e0 r\u00e9pondre aux besoins des enfants en situation [&hellip;]<\/p>\n","protected":false},"author":8,"featured_media":0,"parent":4582,"menu_order":0,"comment_status":"closed","ping_status":"closed","template":"","meta":{"footnotes":""},"class_list":["post-4608","page","type-page","status-publish","hentry"],"yoast_head":"<!-- This site is optimized with the Yoast SEO plugin v27.4 - https:\/\/yoast.com\/product\/yoast-seo-wordpress\/ -->\n<title>Meshi- Lema&#039;anchem | \u00c9cole d\u2019\u00e9ducation et r\u00e9adaptation - The Agnes &amp; Beny Steinmetz Foundation<\/title>\n<meta name=\"robots\" content=\"index, follow, max-snippet:-1, max-image-preview:large, max-video-preview:-1\" \/>\n<link rel=\"canonical\" href=\"https:\/\/www.steinmetz-foundation.co.il\/en\/supporting-children\/meshi-lemaanchem-school-educational-and-rehabilitative\/\" \/>\n<meta property=\"og:locale\" content=\"fr_FR\" \/>\n<meta property=\"og:type\" content=\"article\" \/>\n<meta property=\"og:title\" content=\"Meshi- Lema&#039;anchem | \u00c9cole d\u2019\u00e9ducation et r\u00e9adaptation - The Agnes &amp; Beny Steinmetz Foundation\" \/>\n<meta property=\"og:description\" content=\"Meshi- Lema&rsquo;anchem | \u00c9cole d\u2019\u00e9ducation et r\u00e9adaptation L&rsquo; \u00e9cole \u00ab\u00a0Meshi- Lema&rsquo;anchem \u00a0\u00bb est une institution d&rsquo;\u00e9ducation et de r\u00e9adaptation \u00e0 but non lucratif, sous les auspices de Lema&rsquo;anchem &#8211; Maflee La&rsquo;asot, dont Beny Steinmetz est l&rsquo;un des fondateurs, et les soci\u00e9t\u00e9s Meshi. L&rsquo;\u00e9cole \u00abMeshi- Lema&rsquo;anchem\u00bb est destin\u00e9e \u00e0 r\u00e9pondre aux besoins des enfants en situation [&hellip;]\" \/>\n<meta property=\"og:url\" content=\"https:\/\/www.steinmetz-foundation.co.il\/en\/supporting-children\/meshi-lemaanchem-school-educational-and-rehabilitative\/\" \/>\n<meta property=\"og:site_name\" content=\"The Agnes &amp; Beny Steinmetz Foundation\" \/>\n<meta property=\"article:modified_time\" content=\"2022-08-01T21:54:17+00:00\" \/>\n<meta name=\"twitter:card\" content=\"summary_large_image\" \/>\n<meta name=\"twitter:label1\" content=\"Dur\u00e9e de lecture estim\u00e9e\" \/>\n\t<meta name=\"twitter:data1\" content=\"1 minute\" \/>\n<script type=\"application\/ld+json\" class=\"yoast-schema-graph\">{\"@context\":\"https:\\\/\\\/schema.org\",\"@graph\":[{\"@type\":\"WebPage\",\"@id\":\"https:\\\/\\\/www.steinmetz-foundation.co.il\\\/en\\\/supporting-children\\\/meshi-lemaanchem-school-educational-and-rehabilitative\\\/\",\"url\":\"https:\\\/\\\/www.steinmetz-foundation.co.il\\\/en\\\/supporting-children\\\/meshi-lemaanchem-school-educational-and-rehabilitative\\\/\",\"name\":\"Meshi- Lema'anchem | \u00c9cole d\u2019\u00e9ducation et r\u00e9adaptation - The Agnes &amp; Beny Steinmetz Foundation\",\"isPartOf\":{\"@id\":\"https:\\\/\\\/www.steinmetz-foundation.co.il\\\/#website\"},\"datePublished\":\"2022-08-01T16:49:00+00:00\",\"dateModified\":\"2022-08-01T21:54:17+00:00\",\"breadcrumb\":{\"@id\":\"https:\\\/\\\/www.steinmetz-foundation.co.il\\\/en\\\/supporting-children\\\/meshi-lemaanchem-school-educational-and-rehabilitative\\\/#breadcrumb\"},\"inLanguage\":\"fr-FR\",\"potentialAction\":[{\"@type\":\"ReadAction\",\"target\":[\"https:\\\/\\\/www.steinmetz-foundation.co.il\\\/en\\\/supporting-children\\\/meshi-lemaanchem-school-educational-and-rehabilitative\\\/\"]}]},{\"@type\":\"BreadcrumbList\",\"@id\":\"https:\\\/\\\/www.steinmetz-foundation.co.il\\\/en\\\/supporting-children\\\/meshi-lemaanchem-school-educational-and-rehabilitative\\\/#breadcrumb\",\"itemListElement\":[{\"@type\":\"ListItem\",\"position\":1,\"name\":\"Home\",\"item\":\"https:\\\/\\\/www.steinmetz-foundation.co.il\\\/fr\\\/\"},{\"@type\":\"ListItem\",\"position\":2,\"name\":\"Soutenir les enfants\",\"item\":\"https:\\\/\\\/www.steinmetz-foundation.co.il\\\/en\\\/supporting-children\\\/\"},{\"@type\":\"ListItem\",\"position\":3,\"name\":\"Meshi- Lema&#8217;anchem | \u00c9cole d\u2019\u00e9ducation et r\u00e9adaptation\"}]},{\"@type\":\"WebSite\",\"@id\":\"https:\\\/\\\/www.steinmetz-foundation.co.il\\\/#website\",\"url\":\"https:\\\/\\\/www.steinmetz-foundation.co.il\\\/\",\"name\":\"The Agnes &amp; Beny Steinmetz Foundation\",\"description\":\"\",\"publisher\":{\"@id\":\"https:\\\/\\\/www.steinmetz-foundation.co.il\\\/#organization\"},\"potentialAction\":[{\"@type\":\"SearchAction\",\"target\":{\"@type\":\"EntryPoint\",\"urlTemplate\":\"https:\\\/\\\/www.steinmetz-foundation.co.il\\\/?s={search_term_string}\"},\"query-input\":{\"@type\":\"PropertyValueSpecification\",\"valueRequired\":true,\"valueName\":\"search_term_string\"}}],\"inLanguage\":\"fr-FR\"},{\"@type\":\"Organization\",\"@id\":\"https:\\\/\\\/www.steinmetz-foundation.co.il\\\/#organization\",\"name\":\"The Agnes &amp; Beny Steinmetz Foundation\",\"url\":\"https:\\\/\\\/www.steinmetz-foundation.co.il\\\/\",\"logo\":{\"@type\":\"ImageObject\",\"inLanguage\":\"fr-FR\",\"@id\":\"https:\\\/\\\/www.steinmetz-foundation.co.il\\\/#\\\/schema\\\/logo\\\/image\\\/\",\"url\":\"https:\\\/\\\/www.steinmetz-foundation.co.il\\\/wp-content\\\/uploads\\\/foundation-logo.jpg\",\"contentUrl\":\"https:\\\/\\\/www.steinmetz-foundation.co.il\\\/wp-content\\\/uploads\\\/foundation-logo.jpg\",\"width\":120,\"height\":120,\"caption\":\"The Agnes &amp; Beny Steinmetz Foundation\"},\"image\":{\"@id\":\"https:\\\/\\\/www.steinmetz-foundation.co.il\\\/#\\\/schema\\\/logo\\\/image\\\/\"}}]}<\/script>\n<!-- \/ Yoast SEO plugin. -->","yoast_head_json":{"title":"Meshi- Lema'anchem | \u00c9cole d\u2019\u00e9ducation et r\u00e9adaptation - The Agnes &amp; Beny Steinmetz Foundation","robots":{"index":"index","follow":"follow","max-snippet":"max-snippet:-1","max-image-preview":"max-image-preview:large","max-video-preview":"max-video-preview:-1"},"canonical":"https:\/\/www.steinmetz-foundation.co.il\/en\/supporting-children\/meshi-lemaanchem-school-educational-and-rehabilitative\/","og_locale":"fr_FR","og_type":"article","og_title":"Meshi- Lema'anchem | \u00c9cole d\u2019\u00e9ducation et r\u00e9adaptation - The Agnes &amp; Beny Steinmetz Foundation","og_description":"Meshi- Lema&rsquo;anchem | \u00c9cole d\u2019\u00e9ducation et r\u00e9adaptation L&rsquo; \u00e9cole \u00ab\u00a0Meshi- Lema&rsquo;anchem \u00a0\u00bb est une institution d&rsquo;\u00e9ducation et de r\u00e9adaptation \u00e0 but non lucratif, sous les auspices de Lema&rsquo;anchem &#8211; Maflee La&rsquo;asot, dont Beny Steinmetz est l&rsquo;un des fondateurs, et les soci\u00e9t\u00e9s Meshi. L&rsquo;\u00e9cole \u00abMeshi- Lema&rsquo;anchem\u00bb est destin\u00e9e \u00e0 r\u00e9pondre aux besoins des enfants en situation [&hellip;]","og_url":"https:\/\/www.steinmetz-foundation.co.il\/en\/supporting-children\/meshi-lemaanchem-school-educational-and-rehabilitative\/","og_site_name":"The Agnes &amp; Beny Steinmetz Foundation","article_modified_time":"2022-08-01T21:54:17+00:00","twitter_card":"summary_large_image","twitter_misc":{"Dur\u00e9e de lecture estim\u00e9e":"1 minute"},"schema":{"@context":"https:\/\/schema.org","@graph":[{"@type":"WebPage","@id":"https:\/\/www.steinmetz-foundation.co.il\/en\/supporting-children\/meshi-lemaanchem-school-educational-and-rehabilitative\/","url":"https:\/\/www.steinmetz-foundation.co.il\/en\/supporting-children\/meshi-lemaanchem-school-educational-and-rehabilitative\/","name":"Meshi- Lema'anchem | \u00c9cole d\u2019\u00e9ducation et r\u00e9adaptation - The Agnes &amp; Beny Steinmetz Foundation","isPartOf":{"@id":"https:\/\/www.steinmetz-foundation.co.il\/#website"},"datePublished":"2022-08-01T16:49:00+00:00","dateModified":"2022-08-01T21:54:17+00:00","breadcrumb":{"@id":"https:\/\/www.steinmetz-foundation.co.il\/en\/supporting-children\/meshi-lemaanchem-school-educational-and-rehabilitative\/#breadcrumb"},"inLanguage":"fr-FR","potentialAction":[{"@type":"ReadAction","target":["https:\/\/www.steinmetz-foundation.co.il\/en\/supporting-children\/meshi-lemaanchem-school-educational-and-rehabilitative\/"]}]},{"@type":"BreadcrumbList","@id":"https:\/\/www.steinmetz-foundation.co.il\/en\/supporting-children\/meshi-lemaanchem-school-educational-and-rehabilitative\/#breadcrumb","itemListElement":[{"@type":"ListItem","position":1,"name":"Home","item":"https:\/\/www.steinmetz-foundation.co.il\/fr\/"},{"@type":"ListItem","position":2,"name":"Soutenir les enfants","item":"https:\/\/www.steinmetz-foundation.co.il\/en\/supporting-children\/"},{"@type":"ListItem","position":3,"name":"Meshi- Lema&#8217;anchem | \u00c9cole d\u2019\u00e9ducation et r\u00e9adaptation"}]},{"@type":"WebSite","@id":"https:\/\/www.steinmetz-foundation.co.il\/#website","url":"https:\/\/www.steinmetz-foundation.co.il\/","name":"The Agnes &amp; Beny Steinmetz Foundation","description":"","publisher":{"@id":"https:\/\/www.steinmetz-foundation.co.il\/#organization"},"potentialAction":[{"@type":"SearchAction","target":{"@type":"EntryPoint","urlTemplate":"https:\/\/www.steinmetz-foundation.co.il\/?s={search_term_string}"},"query-input":{"@type":"PropertyValueSpecification","valueRequired":true,"valueName":"search_term_string"}}],"inLanguage":"fr-FR"},{"@type":"Organization","@id":"https:\/\/www.steinmetz-foundation.co.il\/#organization","name":"The Agnes &amp; Beny Steinmetz Foundation","url":"https:\/\/www.steinmetz-foundation.co.il\/","logo":{"@type":"ImageObject","inLanguage":"fr-FR","@id":"https:\/\/www.steinmetz-foundation.co.il\/#\/schema\/logo\/image\/","url":"https:\/\/www.steinmetz-foundation.co.il\/wp-content\/uploads\/foundation-logo.jpg","contentUrl":"https:\/\/www.steinmetz-foundation.co.il\/wp-content\/uploads\/foundation-logo.jpg","width":120,"height":120,"caption":"The Agnes &amp; Beny Steinmetz Foundation"},"image":{"@id":"https:\/\/www.steinmetz-foundation.co.il\/#\/schema\/logo\/image\/"}}]}},"_links":{"self":[{"href":"https:\/\/www.steinmetz-foundation.co.il\/fr\/wp-json\/wp\/v2\/pages\/4608","targetHints":{"allow":["GET"]}}],"collection":[{"href":"https:\/\/www.steinmetz-foundation.co.il\/fr\/wp-json\/wp\/v2\/pages"}],"about":[{"href":"https:\/\/www.steinmetz-foundation.co.il\/fr\/wp-json\/wp\/v2\/types\/page"}],"author":[{"embeddable":true,"href":"https:\/\/www.steinmetz-foundation.co.il\/fr\/wp-json\/wp\/v2\/users\/8"}],"replies":[{"embeddable":true,"href":"https:\/\/www.steinmetz-foundation.co.il\/fr\/wp-json\/wp\/v2\/comments?post=4608"}],"version-history":[{"count":10,"href":"https:\/\/www.steinmetz-foundation.co.il\/fr\/wp-json\/wp\/v2\/pages\/4608\/revisions"}],"predecessor-version":[{"id":4639,"href":"https:\/\/www.steinmetz-foundation.co.il\/fr\/wp-json\/wp\/v2\/pages\/4608\/revisions\/4639"}],"up":[{"embeddable":true,"href":"https:\/\/www.steinmetz-foundation.co.il\/fr\/wp-json\/wp\/v2\/pages\/4582"}],"wp:attachment":[{"href":"https:\/\/www.steinmetz-foundation.co.il\/fr\/wp-json\/wp\/v2\/media?parent=4608"}],"curies":[{"name":"wp","href":"https:\/\/api.w.org\/{rel}","templated":true}]}}